{"id":7717,"date":"2025-01-14T11:35:52","date_gmt":"2025-01-14T16:35:52","guid":{"rendered":"https:\/\/site.wfdfi.org\/?page_id=7717"},"modified":"2025-03-05T15:26:12","modified_gmt":"2025-03-05T20:26:12","slug":"constitutions-and-by-laws","status":"publish","type":"page","link":"https:\/\/wfdfi.org\/es\/constitutions-and-by-laws\/","title":{"rendered":"Las constituciones y las leyes"},"content":{"rendered":"<div data-elementor-type=\"wp-page\" data-elementor-id=\"7717\" class=\"elementor elementor-7717\" data-elementor-post-type=\"page\">\n\t\t\t\t<div class=\"elementor-element elementor-element-62811f8 e-flex e-con-boxed e-con e-parent\" data-id=\"62811f8\" data-element_type=\"container\" data-settings=\"{&quot;background_background&quot;:&quot;classic&quot;}\">\n\t\t\t\t\t<div class=\"e-con-inner\">\n\t\t<div class=\"elementor-element elementor-element-225cef5 e-con-full e-flex e-con e-child\" data-id=\"225cef5\" data-element_type=\"container\">\n\t\t\t\t<div class=\"elementor-element elementor-element-5e77bb7 elementor-widget elementor-widget-heading\" data-id=\"5e77bb7\" data-element_type=\"widget\" data-widget_type=\"heading.default\">\n\t\t\t\t<div class=\"elementor-widget-container\">\n\t\t\t\t\t<h2 class=\"elementor-heading-title elementor-size-default\">Las constituciones y las leyes<\/h2>\t\t\t\t<\/div>\n\t\t\t\t<\/div>\n\t\t\t\t<\/div>\n\t\t\t\t\t<\/div>\n\t\t\t\t<\/div>\n\t\t<div class=\"elementor-element elementor-element-eb4c69d e-flex e-con-boxed e-con e-parent\" data-id=\"eb4c69d\" data-element_type=\"container\" data-settings=\"{&quot;background_background&quot;:&quot;classic&quot;}\">\n\t\t\t\t\t<div class=\"e-con-inner\">\n\t\t<div class=\"elementor-element elementor-element-e888a4e e-con-full e-flex e-con e-child\" data-id=\"e888a4e\" data-element_type=\"container\">\n\t\t\t\t<div class=\"elementor-element elementor-element-25d976d elementor-widget elementor-widget-heading\" data-id=\"25d976d\" data-element_type=\"widget\" data-widget_type=\"heading.default\">\n\t\t\t\t<div class=\"elementor-widget-container\">\n\t\t\t\t\t<h3 class=\"elementor-heading-title elementor-size-default\">PR\u00d3LOGO por Vicente R. Jayme<\/h3>\t\t\t\t<\/div>\n\t\t\t\t<\/div>\n\t\t\t\t<div class=\"elementor-element elementor-element-0d138a9 elementor-widget elementor-widget-text-editor\" data-id=\"0d138a9\" data-element_type=\"widget\" data-widget_type=\"text-editor.default\">\n\t\t\t\t<div class=\"elementor-widget-container\">\n\t\t\t\t\t\t\t\t\t<p>Presidente, WFDFI, 1979<\/p>\t\t\t\t\t\t\t\t<\/div>\n\t\t\t\t<\/div>\n\t\t\t\t<\/div>\n\t\t<div class=\"elementor-element elementor-element-37853fd e-con-full e-flex e-con e-child\" data-id=\"37853fd\" data-element_type=\"container\">\n\t\t\t\t<div class=\"elementor-element elementor-element-014e71c elementor-widget elementor-widget-button\" data-id=\"014e71c\" data-element_type=\"widget\" data-widget_type=\"button.default\">\n\t\t\t\t<div class=\"elementor-widget-container\">\n\t\t\t\t\t\t\t\t\t<div class=\"elementor-button-wrapper\">\n\t\t\t\t\t<a class=\"elementor-button elementor-button-link elementor-size-sm\" href=\"https:\/\/wfdfi.org\/wp-content\/uploads\/2025\/01\/WFDFI-Constitution-and-By-laws-5.pdf\" target=\"_blank\">\n\t\t\t\t\t\t<span class=\"elementor-button-content-wrapper\">\n\t\t\t\t\t\t<span class=\"elementor-button-icon\">\n\t\t\t\t<svg aria-hidden=\"true\" class=\"e-font-icon-svg e-fas-download\" viewbox=\"0 0 512 512\" xmlns=\"http:\/\/www.w3.org\/2000\/svg\"><path d=\"M216 0h80c13.3 0 24 10.7 24 24v168h87.7c17.8 0 26.7 21.5 14.1 34.1L269.7 378.3c-7.5 7.5-19.8 7.5-27.3 0L90.1 226.1c-12.6-12.6-3.7-34.1 14.1-34.1H192V24c0-13.3 10.7-24 24-24zm296 376v112c0 13.3-10.7 24-24 24H24c-13.3 0-24-10.7-24-24V376c0-13.3 10.7-24 24-24h146.7l49 49c20.1 20.1 52.5 20.1 72.6 0l49-49H488c13.3 0 24 10.7 24 24zm-124 88c0-11-9-20-20-20s-20 9-20 20 9 20 20 20 20-9 20-20zm64 0c0-11-9-20-20-20s-20 9-20 20 9 20 20 20 20-9 20-20z\"><\/path><\/svg>\t\t\t<\/span>\n\t\t\t\t\t\t\t\t\t<span class=\"elementor-button-text\">Descargar Estatutos de WFDFI<\/span>\n\t\t\t\t\t<\/span>\n\t\t\t\t\t<\/a>\n\t\t\t\t<\/div>\n\t\t\t\t\t\t\t\t<\/div>\n\t\t\t\t<\/div>\n\t\t\t\t<\/div>\n\t\t\t\t\t<\/div>\n\t\t\t\t<\/div>\n\t\t<div class=\"elementor-element elementor-element-5c4aaba e-flex e-con-boxed e-con e-parent\" data-id=\"5c4aaba\" data-element_type=\"container\">\n\t\t\t\t\t<div class=\"e-con-inner\">\n\t\t<div class=\"elementor-element elementor-element-c1f9a42 e-con-full e-flex e-con e-child\" data-id=\"c1f9a42\" data-element_type=\"container\">\n\t\t\t\t<div class=\"elementor-element elementor-element-5e24f80 elementor-widget elementor-widget-text-editor\" data-id=\"5e24f80\" data-element_type=\"widget\" data-widget_type=\"text-editor.default\">\n\t\t\t\t<div class=\"elementor-widget-container\">\n\t\t\t\t\t\t\t\t\t<div class=\"kc-elm kc-css-856577 kc_text_block\"><p><img fetchpriority=\"high\" decoding=\"async\" class=\"alignleft wp-image-7719\" src=\"https:\/\/site.wfdfi.org\/wp-content\/uploads\/2025\/01\/Vicente-R-300x243.jpg\" alt=\"\" width=\"400\" height=\"325\" srcset=\"https:\/\/wfdfi.org\/wp-content\/uploads\/2025\/01\/Vicente-R-300x243.jpg 300w, https:\/\/wfdfi.org\/wp-content\/uploads\/2025\/01\/Vicente-R-768x623.jpg 768w, https:\/\/wfdfi.org\/wp-content\/uploads\/2025\/01\/Vicente-R-15x12.jpg 15w, https:\/\/wfdfi.org\/wp-content\/uploads\/2025\/01\/Vicente-R.jpg 800w\" sizes=\"(max-width: 400px) 100vw, 400px\" \/>Cada vez m\u00e1s, hay una necesidad sentida de que el orden econ\u00f3mico internacional en la d\u00e9cada de 1980, tendr\u00e1n que evolucionar a partir de uno que ha sido hasta ahora en gran medida en forma limitada a las exigencias de los pa\u00edses industrializados en donde los pa\u00edses en desarrollo tienen una voz m\u00e1s fuerte en las direcciones que debe tomar. Pero una mayor participaci\u00f3n en la conformaci\u00f3n de un nuevo mundo requiere que los pa\u00edses en desarrollo a ser cada vez m\u00e1s responsable y confiados en s\u00ed mismos. Tambi\u00e9n significa que el desarrollo econ\u00f3mico de los pa\u00edses en desarrollo debe conducir el impulso de la cooperaci\u00f3n y la comprensi\u00f3n no s\u00f3lo de los pa\u00edses desarrollados, pero m\u00e1s de entre nosotros, a trav\u00e9s de nuestro individuales y colectivas de la imaginaci\u00f3n y de iniciativas. Es en este esp\u00edritu de cooperaci\u00f3n que nos hemos organizado en una Federaci\u00f3n Mundial de Instituciones de Financiaci\u00f3n del Desarrollo (WFDFI). Mediante la combinaci\u00f3n de las pertenencias de las tres asociaciones regionales \u2013 la Asociacion Latino-americana de Instituciones Financieras de Desarrollo (ALIDE), la Asociaci\u00f3n Africana de Instituciones de Financiaci\u00f3n del Desarrollo (AADFI) y la Asociaci\u00f3n de Instituciones de Financiaci\u00f3n del Desarrollo en Asia y el Pac\u00edfico (ADFIAP), la Federaci\u00f3n Mundial representa una fuerza unificada que tiene como objetivo promover el desarrollo de la banca de manera m\u00e1s eficiente logrando un trabajo m\u00e1s estrecha cooperaci\u00f3n entre los IFD del mundo.<\/p><\/div><div class=\"kc-elm kc-css-272864 kc_text_block\"><p>La Federaci\u00f3n Mundial de Instituciones de Financiaci\u00f3n del Desarrollo sostiene la primac\u00eda de su compromiso con el desarrollo de las asociaciones regionales, as\u00ed como de los miembros individuales-las instituciones financieras de desarrollo, la variedad y la diversidad de mayo y la de sus programas. M\u00e1s particularmente, se apoya no s\u00f3lo el papel tradicional de la banca de desarrollo, pero tambi\u00e9n el m\u00e1s agresivo empuje de la diversificaci\u00f3n cada vez mayor presencia en la mayor\u00eda de las instituciones financieras de desarrollo con el fin de garantizar la continuidad del impacto de las ifd en el desarrollo econ\u00f3mico de sus respectivas \u00e1reas. Adem\u00e1s, la Federaci\u00f3n tiene como objetivo promover los intereses de sus miembros en un contexto m\u00e1s amplio de la escena mundial del medio ambiente adem\u00e1s de trabajar para sus intereses vis-\u00e0-vis de los organismos multilaterales.<\/p><\/div><div class=\"kc-elm kc-css-918882 kc_text_block\"><p>Es nuestra esperanza que la formaci\u00f3n de la Federaci\u00f3n Mundial acelerar\u00e1 el desarrollo m\u00e1s completo de la tecnolog\u00eda de la financiaci\u00f3n para el desarrollo y ayudar\u00e1 a identificar las \u00e1reas de inter\u00e9s que enfrentan los miembros, las instituciones financieras de desarrollo de cada asociaci\u00f3n regional. Sin duda, el surgimiento de la Federaci\u00f3n Mundial de Instituciones de Financiaci\u00f3n del Desarrollo ofrece un potencial considerable para nuestros esfuerzos individuales y colectivos en medio de la configuraci\u00f3n de la incertidumbre y la complejidad de desarrollo que enfrenta la mayor\u00eda de nuestros pa\u00edses en esta d\u00e9cada de los a\u00f1os 1980.<\/p><\/div>\t\t\t\t\t\t\t\t<\/div>\n\t\t\t\t<\/div>\n\t\t\t\t<\/div>\n\t\t\t\t\t<\/div>\n\t\t\t\t<\/div>\n\t\t\t\t<\/div>","protected":false},"excerpt":{"rendered":"<p>Constitutions and By laws FOREWORD by Vicente R. Jayme Chairman, WFDFI, 1979 Download WFDFI By laws Increasingly, there is a felt need that the international economic order in the 1980\u2019s will have to evolve from one that has so far been largely shaped by the exigencies of the industrialized countries into one where developing countries [&hellip;]<\/p>","protected":false},"author":1,"featured_media":0,"parent":0,"menu_order":0,"comment_status":"closed","ping_status":"closed","template":"","meta":{"_acf_changed":false,"footnotes":""},"class_list":["post-7717","page","type-page","status-publish","hentry"],"acf":[],"yoast_head":"<!-- This site is optimized with the Yoast SEO plugin v24.5 - https:\/\/yoast.com\/wordpress\/plugins\/seo\/ -->\n<title>Constitutions and By laws - World Federation of Development Financing Institutions<\/title>\n<meta name=\"robots\" content=\"index, follow, max-snippet:-1, max-image-preview:large, max-video-preview:-1\" \/>\n<link rel=\"canonical\" href=\"https:\/\/wfdfi.org\/es\/constitutions-and-by-laws\/\" \/>\n<meta property=\"og:locale\" content=\"es_ES\" \/>\n<meta property=\"og:type\" content=\"article\" \/>\n<meta property=\"og:title\" content=\"Constitutions and By laws - World Federation of Development Financing Institutions\" \/>\n<meta property=\"og:description\" content=\"Constitutions and By laws FOREWORD by Vicente R. Jayme Chairman, WFDFI, 1979 Download WFDFI By laws Increasingly, there is a felt need that the international economic order in the 1980\u2019s will have to evolve from one that has so far been largely shaped by the exigencies of the industrialized countries into one where developing countries [&hellip;]\" \/>\n<meta property=\"og:url\" content=\"https:\/\/wfdfi.org\/es\/constitutions-and-by-laws\/\" \/>\n<meta property=\"og:site_name\" content=\"World Federation of Development Financing Institutions\" \/>\n<meta property=\"article:modified_time\" content=\"2025-03-05T20:26:12+00:00\" \/>\n<meta property=\"og:image\" content=\"https:\/\/wfdfi.org\/wp-content\/uploads\/2025\/01\/Vicente-R.jpg\" \/>\n\t<meta property=\"og:image:width\" content=\"800\" \/>\n\t<meta property=\"og:image:height\" content=\"649\" \/>\n\t<meta property=\"og:image:type\" content=\"image\/jpeg\" \/>\n<meta name=\"twitter:card\" content=\"summary_large_image\" \/>\n<meta name=\"twitter:site\" content=\"@WFDFI_\" \/>\n<meta name=\"twitter:label1\" content=\"Tiempo de lectura\" \/>\n\t<meta name=\"twitter:data1\" content=\"2 minutos\" \/>\n<script type=\"application\/ld+json\" class=\"yoast-schema-graph\">{\"@context\":\"https:\/\/schema.org\",\"@graph\":[{\"@type\":\"WebPage\",\"@id\":\"https:\/\/wfdfi.org\/en\/constitutions-and-by-laws\/\",\"url\":\"https:\/\/wfdfi.org\/en\/constitutions-and-by-laws\/\",\"name\":\"Constitutions and By laws - World Federation of Development Financing Institutions\",\"isPartOf\":{\"@id\":\"https:\/\/wfdfi.org\/#website\"},\"primaryImageOfPage\":{\"@id\":\"https:\/\/wfdfi.org\/en\/constitutions-and-by-laws\/#primaryimage\"},\"image\":{\"@id\":\"https:\/\/wfdfi.org\/en\/constitutions-and-by-laws\/#primaryimage\"},\"thumbnailUrl\":\"https:\/\/site.wfdfi.org\/wp-content\/uploads\/2025\/01\/Vicente-R-300x243.jpg\",\"datePublished\":\"2025-01-14T16:35:52+00:00\",\"dateModified\":\"2025-03-05T20:26:12+00:00\",\"breadcrumb\":{\"@id\":\"https:\/\/wfdfi.org\/en\/constitutions-and-by-laws\/#breadcrumb\"},\"inLanguage\":\"es\",\"potentialAction\":[{\"@type\":\"ReadAction\",\"target\":[\"https:\/\/wfdfi.org\/en\/constitutions-and-by-laws\/\"]}]},{\"@type\":\"ImageObject\",\"inLanguage\":\"es\",\"@id\":\"https:\/\/wfdfi.org\/en\/constitutions-and-by-laws\/#primaryimage\",\"url\":\"https:\/\/site.wfdfi.org\/wp-content\/uploads\/2025\/01\/Vicente-R-300x243.jpg\",\"contentUrl\":\"https:\/\/site.wfdfi.org\/wp-content\/uploads\/2025\/01\/Vicente-R-300x243.jpg\"},{\"@type\":\"BreadcrumbList\",\"@id\":\"https:\/\/wfdfi.org\/en\/constitutions-and-by-laws\/#breadcrumb\",\"itemListElement\":[{\"@type\":\"ListItem\",\"position\":1,\"name\":\"Portada\",\"item\":\"https:\/\/wfdfi.org\/\"},{\"@type\":\"ListItem\",\"position\":2,\"name\":\"Constitutions and By laws\"}]},{\"@type\":\"WebSite\",\"@id\":\"https:\/\/wfdfi.org\/#website\",\"url\":\"https:\/\/wfdfi.org\/\",\"name\":\"World Federation of Development Financing Institutions\",\"description\":\"\",\"publisher\":{\"@id\":\"https:\/\/wfdfi.org\/#organization\"},\"potentialAction\":[{\"@type\":\"SearchAction\",\"target\":{\"@type\":\"EntryPoint\",\"urlTemplate\":\"https:\/\/wfdfi.org\/?s={search_term_string}\"},\"query-input\":{\"@type\":\"PropertyValueSpecification\",\"valueRequired\":true,\"valueName\":\"search_term_string\"}}],\"inLanguage\":\"es\"},{\"@type\":\"Organization\",\"@id\":\"https:\/\/wfdfi.org\/#organization\",\"name\":\"World Federation of Development Financing Institutions\",\"url\":\"https:\/\/wfdfi.org\/\",\"logo\":{\"@type\":\"ImageObject\",\"inLanguage\":\"es\",\"@id\":\"https:\/\/wfdfi.org\/#\/schema\/logo\/image\/\",\"url\":\"https:\/\/wfdfi.org\/wp-content\/uploads\/2024\/12\/logo.png\",\"contentUrl\":\"https:\/\/wfdfi.org\/wp-content\/uploads\/2024\/12\/logo.png\",\"width\":432,\"height\":114,\"caption\":\"World Federation of Development Financing Institutions\"},\"image\":{\"@id\":\"https:\/\/wfdfi.org\/#\/schema\/logo\/image\/\"},\"sameAs\":[\"https:\/\/x.com\/WFDFI_\",\"https:\/\/www.linkedin.com\/company\/wfdfi\"]}]}<\/script>\n<!-- \/ Yoast SEO plugin. -->","yoast_head_json":{"title":"Constitutions and By laws - World Federation of Development Financing Institutions","robots":{"index":"index","follow":"follow","max-snippet":"max-snippet:-1","max-image-preview":"max-image-preview:large","max-video-preview":"max-video-preview:-1"},"canonical":"https:\/\/wfdfi.org\/es\/constitutions-and-by-laws\/","og_locale":"es_ES","og_type":"article","og_title":"Constitutions and By laws - World Federation of Development Financing Institutions","og_description":"Constitutions and By laws FOREWORD by Vicente R. Jayme Chairman, WFDFI, 1979 Download WFDFI By laws Increasingly, there is a felt need that the international economic order in the 1980\u2019s will have to evolve from one that has so far been largely shaped by the exigencies of the industrialized countries into one where developing countries [&hellip;]","og_url":"https:\/\/wfdfi.org\/es\/constitutions-and-by-laws\/","og_site_name":"World Federation of Development Financing Institutions","article_modified_time":"2025-03-05T20:26:12+00:00","og_image":[{"width":800,"height":649,"url":"https:\/\/wfdfi.org\/wp-content\/uploads\/2025\/01\/Vicente-R.jpg","type":"image\/jpeg"}],"twitter_card":"summary_large_image","twitter_site":"@WFDFI_","twitter_misc":{"Tiempo de lectura":"2 minutos"},"schema":{"@context":"https:\/\/schema.org","@graph":[{"@type":"WebPage","@id":"https:\/\/wfdfi.org\/en\/constitutions-and-by-laws\/","url":"https:\/\/wfdfi.org\/en\/constitutions-and-by-laws\/","name":"Constitutions and By laws - World Federation of Development Financing Institutions","isPartOf":{"@id":"https:\/\/wfdfi.org\/#website"},"primaryImageOfPage":{"@id":"https:\/\/wfdfi.org\/en\/constitutions-and-by-laws\/#primaryimage"},"image":{"@id":"https:\/\/wfdfi.org\/en\/constitutions-and-by-laws\/#primaryimage"},"thumbnailUrl":"https:\/\/site.wfdfi.org\/wp-content\/uploads\/2025\/01\/Vicente-R-300x243.jpg","datePublished":"2025-01-14T16:35:52+00:00","dateModified":"2025-03-05T20:26:12+00:00","breadcrumb":{"@id":"https:\/\/wfdfi.org\/en\/constitutions-and-by-laws\/#breadcrumb"},"inLanguage":"es","potentialAction":[{"@type":"ReadAction","target":["https:\/\/wfdfi.org\/en\/constitutions-and-by-laws\/"]}]},{"@type":"ImageObject","inLanguage":"es","@id":"https:\/\/wfdfi.org\/en\/constitutions-and-by-laws\/#primaryimage","url":"https:\/\/site.wfdfi.org\/wp-content\/uploads\/2025\/01\/Vicente-R-300x243.jpg","contentUrl":"https:\/\/site.wfdfi.org\/wp-content\/uploads\/2025\/01\/Vicente-R-300x243.jpg"},{"@type":"BreadcrumbList","@id":"https:\/\/wfdfi.org\/en\/constitutions-and-by-laws\/#breadcrumb","itemListElement":[{"@type":"ListItem","position":1,"name":"Portada","item":"https:\/\/wfdfi.org\/"},{"@type":"ListItem","position":2,"name":"Constitutions and By laws"}]},{"@type":"WebSite","@id":"https:\/\/wfdfi.org\/#website","url":"https:\/\/wfdfi.org\/","name":"World Federation of Development Financing Institutions","description":"","publisher":{"@id":"https:\/\/wfdfi.org\/#organization"},"potentialAction":[{"@type":"SearchAction","target":{"@type":"EntryPoint","urlTemplate":"https:\/\/wfdfi.org\/?s={search_term_string}"},"query-input":{"@type":"PropertyValueSpecification","valueRequired":true,"valueName":"search_term_string"}}],"inLanguage":"es"},{"@type":"Organization","@id":"https:\/\/wfdfi.org\/#organization","name":"World Federation of Development Financing Institutions","url":"https:\/\/wfdfi.org\/","logo":{"@type":"ImageObject","inLanguage":"es","@id":"https:\/\/wfdfi.org\/#\/schema\/logo\/image\/","url":"https:\/\/wfdfi.org\/wp-content\/uploads\/2024\/12\/logo.png","contentUrl":"https:\/\/wfdfi.org\/wp-content\/uploads\/2024\/12\/logo.png","width":432,"height":114,"caption":"World Federation of Development Financing Institutions"},"image":{"@id":"https:\/\/wfdfi.org\/#\/schema\/logo\/image\/"},"sameAs":["https:\/\/x.com\/WFDFI_","https:\/\/www.linkedin.com\/company\/wfdfi"]}]}},"_links":{"self":[{"href":"https:\/\/wfdfi.org\/es\/wp-json\/wp\/v2\/pages\/7717","targetHints":{"allow":["GET"]}}],"collection":[{"href":"https:\/\/wfdfi.org\/es\/wp-json\/wp\/v2\/pages"}],"about":[{"href":"https:\/\/wfdfi.org\/es\/wp-json\/wp\/v2\/types\/page"}],"author":[{"embeddable":true,"href":"https:\/\/wfdfi.org\/es\/wp-json\/wp\/v2\/users\/1"}],"replies":[{"embeddable":true,"href":"https:\/\/wfdfi.org\/es\/wp-json\/wp\/v2\/comments?post=7717"}],"version-history":[{"count":13,"href":"https:\/\/wfdfi.org\/es\/wp-json\/wp\/v2\/pages\/7717\/revisions"}],"predecessor-version":[{"id":8786,"href":"https:\/\/wfdfi.org\/es\/wp-json\/wp\/v2\/pages\/7717\/revisions\/8786"}],"wp:attachment":[{"href":"https:\/\/wfdfi.org\/es\/wp-json\/wp\/v2\/media?parent=7717"}],"curies":[{"name":"wp","href":"https:\/\/api.w.org\/{rel}","templated":true}]}}